{"id":198,"date":"2023-05-30T15:11:18","date_gmt":"2023-05-30T13:11:18","guid":{"rendered":"https:\/\/littlehotel-rec.ms.decms.eu\/rooms-double-deluxe\/"},"modified":"2024-04-25T10:06:41","modified_gmt":"2024-04-25T08:06:41","slug":"habitacion-doble-deluxe","status":"publish","type":"page","link":"https:\/\/www.littlehotel.fr\/es\/habitaciones\/habitacion-doble-deluxe\/","title":{"rendered":"Habitaci\u00f3n Doble Deluxe"},"content":{"rendered":"<p>Nuestras habitaciones dobles Deluxe est\u00e1n equipadas con cama de matrimonio, un amplio ba\u00f1o y 2 de ellas con terraza, para vivir una experiencia \u00fanica en Par\u00eds.<\/p>\n<p>Tambi\u00e9n se benefician de diversas comodidades (TV, wifi, productos de higiene, escritorio, caja fuerte, m\u00faltiples enchufes con puerto USB, tel\u00e9fono fijo) que har\u00e1n su estancia inolvidable.<\/p>\n","protected":false},"excerpt":{"rendered":"<p>Nuestras habitaciones dobles Deluxe est\u00e1n equipadas con cama de matrimonio, un amplio ba\u00f1o y 2 de ellas con terraza, para vivir una experiencia \u00fanica en Par\u00eds. Tambi\u00e9n se benefician de diversas comodidades (TV, wifi, productos de higiene, escritorio, caja fuerte, m\u00faltiples enchufes con puerto USB, tel\u00e9fono fijo) que har\u00e1n su estancia inolvidable.<\/p>\n","protected":false},"author":531,"featured_media":0,"parent":206,"menu_order":0,"comment_status":"closed","ping_status":"closed","template":"template-single-room.php","meta":{"footnotes":""},"class_list":["post-198","page","type-page","status-publish","hentry"],"yoast_head":"<!-- This site is optimized with the Yoast SEO plugin v26.9 - https:\/\/yoast.com\/product\/yoast-seo-wordpress\/ -->\n<title>Habitaci\u00f3n Doble | Little H\u00f4tel<\/title>\n<meta name=\"description\" content=\"Las habitaciones dobles del Little Hotel le dan la bienvenida en un ambiente c\u00e1lido y confortable.\" \/>\n<meta name=\"robots\" content=\"index, follow, max-snippet:-1, max-image-preview:large, max-video-preview:-1\" \/>\n<link rel=\"canonical\" href=\"https:\/\/www.littlehotel.fr\/es\/habitaciones\/habitacion-doble-deluxe\/\" \/>\n<meta property=\"og:locale\" content=\"es_ES\" \/>\n<meta property=\"og:type\" content=\"article\" \/>\n<meta property=\"og:title\" content=\"Habitaci\u00f3n Doble | Little H\u00f4tel\" \/>\n<meta property=\"og:description\" content=\"Las habitaciones dobles del Little Hotel le dan la bienvenida en un ambiente c\u00e1lido y confortable.\" \/>\n<meta property=\"og:url\" content=\"https:\/\/www.littlehotel.fr\/es\/habitaciones\/habitacion-doble-deluxe\/\" \/>\n<meta property=\"og:site_name\" content=\"Little H\u00f4tel\" \/>\n<meta property=\"article:modified_time\" content=\"2024-04-25T08:06:41+00:00\" \/>\n<meta name=\"twitter:card\" content=\"summary_large_image\" \/>\n<meta name=\"twitter:label1\" content=\"Tiempo de lectura\" \/>\n\t<meta name=\"twitter:data1\" content=\"1 minuto\" \/>\n<script type=\"application\/ld+json\" class=\"yoast-schema-graph\">{\"@context\":\"https:\/\/schema.org\",\"@graph\":[{\"@type\":\"WebPage\",\"@id\":\"https:\/\/www.littlehotel.fr\/es\/habitaciones\/habitacion-doble-deluxe\/\",\"url\":\"https:\/\/www.littlehotel.fr\/es\/habitaciones\/habitacion-doble-deluxe\/\",\"name\":\"Habitaci\u00f3n Doble | Little H\u00f4tel\",\"isPartOf\":{\"@id\":\"https:\/\/www.littlehotel.fr\/es\/#website\"},\"datePublished\":\"2023-05-30T13:11:18+00:00\",\"dateModified\":\"2024-04-25T08:06:41+00:00\",\"description\":\"Las habitaciones dobles del Little Hotel le dan la bienvenida en un ambiente c\u00e1lido y confortable.\",\"breadcrumb\":{\"@id\":\"https:\/\/www.littlehotel.fr\/es\/habitaciones\/habitacion-doble-deluxe\/#breadcrumb\"},\"inLanguage\":\"es\",\"potentialAction\":[{\"@type\":\"ReadAction\",\"target\":[\"https:\/\/www.littlehotel.fr\/es\/habitaciones\/habitacion-doble-deluxe\/\"]}]},{\"@type\":\"BreadcrumbList\",\"@id\":\"https:\/\/www.littlehotel.fr\/es\/habitaciones\/habitacion-doble-deluxe\/#breadcrumb\",\"itemListElement\":[{\"@type\":\"ListItem\",\"position\":1,\"name\":\"Accueil\",\"item\":\"https:\/\/www.littlehotel.fr\/es\/\"},{\"@type\":\"ListItem\",\"position\":2,\"name\":\"Habitaciones\",\"item\":\"https:\/\/www.littlehotel.fr\/es\/habitaciones\/\"},{\"@type\":\"ListItem\",\"position\":3,\"name\":\"Habitaci\u00f3n Doble Deluxe\"}]},{\"@type\":\"WebSite\",\"@id\":\"https:\/\/www.littlehotel.fr\/es\/#website\",\"url\":\"https:\/\/www.littlehotel.fr\/es\/\",\"name\":\"Little H\u00f4tel\",\"description\":\"\",\"potentialAction\":[{\"@type\":\"SearchAction\",\"target\":{\"@type\":\"EntryPoint\",\"urlTemplate\":\"https:\/\/www.littlehotel.fr\/es\/?s={search_term_string}\"},\"query-input\":{\"@type\":\"PropertyValueSpecification\",\"valueRequired\":true,\"valueName\":\"search_term_string\"}}],\"inLanguage\":\"es\"}]}<\/script>\n<!-- \/ Yoast SEO plugin. -->","yoast_head_json":{"title":"Habitaci\u00f3n Doble | Little H\u00f4tel","description":"Las habitaciones dobles del Little Hotel le dan la bienvenida en un ambiente c\u00e1lido y confortable.","robots":{"index":"index","follow":"follow","max-snippet":"max-snippet:-1","max-image-preview":"max-image-preview:large","max-video-preview":"max-video-preview:-1"},"canonical":"https:\/\/www.littlehotel.fr\/es\/habitaciones\/habitacion-doble-deluxe\/","og_locale":"es_ES","og_type":"article","og_title":"Habitaci\u00f3n Doble | Little H\u00f4tel","og_description":"Las habitaciones dobles del Little Hotel le dan la bienvenida en un ambiente c\u00e1lido y confortable.","og_url":"https:\/\/www.littlehotel.fr\/es\/habitaciones\/habitacion-doble-deluxe\/","og_site_name":"Little H\u00f4tel","article_modified_time":"2024-04-25T08:06:41+00:00","twitter_card":"summary_large_image","twitter_misc":{"Tiempo de lectura":"1 minuto"},"schema":{"@context":"https:\/\/schema.org","@graph":[{"@type":"WebPage","@id":"https:\/\/www.littlehotel.fr\/es\/habitaciones\/habitacion-doble-deluxe\/","url":"https:\/\/www.littlehotel.fr\/es\/habitaciones\/habitacion-doble-deluxe\/","name":"Habitaci\u00f3n Doble | Little H\u00f4tel","isPartOf":{"@id":"https:\/\/www.littlehotel.fr\/es\/#website"},"datePublished":"2023-05-30T13:11:18+00:00","dateModified":"2024-04-25T08:06:41+00:00","description":"Las habitaciones dobles del Little Hotel le dan la bienvenida en un ambiente c\u00e1lido y confortable.","breadcrumb":{"@id":"https:\/\/www.littlehotel.fr\/es\/habitaciones\/habitacion-doble-deluxe\/#breadcrumb"},"inLanguage":"es","potentialAction":[{"@type":"ReadAction","target":["https:\/\/www.littlehotel.fr\/es\/habitaciones\/habitacion-doble-deluxe\/"]}]},{"@type":"BreadcrumbList","@id":"https:\/\/www.littlehotel.fr\/es\/habitaciones\/habitacion-doble-deluxe\/#breadcrumb","itemListElement":[{"@type":"ListItem","position":1,"name":"Accueil","item":"https:\/\/www.littlehotel.fr\/es\/"},{"@type":"ListItem","position":2,"name":"Habitaciones","item":"https:\/\/www.littlehotel.fr\/es\/habitaciones\/"},{"@type":"ListItem","position":3,"name":"Habitaci\u00f3n Doble Deluxe"}]},{"@type":"WebSite","@id":"https:\/\/www.littlehotel.fr\/es\/#website","url":"https:\/\/www.littlehotel.fr\/es\/","name":"Little H\u00f4tel","description":"","potentialAction":[{"@type":"SearchAction","target":{"@type":"EntryPoint","urlTemplate":"https:\/\/www.littlehotel.fr\/es\/?s={search_term_string}"},"query-input":{"@type":"PropertyValueSpecification","valueRequired":true,"valueName":"search_term_string"}}],"inLanguage":"es"}]}},"acf":[],"_links":{"self":[{"href":"https:\/\/www.littlehotel.fr\/es\/wp-json\/wp\/v2\/pages\/198","targetHints":{"allow":["GET"]}}],"collection":[{"href":"https:\/\/www.littlehotel.fr\/es\/wp-json\/wp\/v2\/pages"}],"about":[{"href":"https:\/\/www.littlehotel.fr\/es\/wp-json\/wp\/v2\/types\/page"}],"author":[{"embeddable":true,"href":"https:\/\/www.littlehotel.fr\/es\/wp-json\/wp\/v2\/users\/531"}],"replies":[{"embeddable":true,"href":"https:\/\/www.littlehotel.fr\/es\/wp-json\/wp\/v2\/comments?post=198"}],"version-history":[{"count":0,"href":"https:\/\/www.littlehotel.fr\/es\/wp-json\/wp\/v2\/pages\/198\/revisions"}],"up":[{"embeddable":true,"href":"https:\/\/www.littlehotel.fr\/es\/wp-json\/wp\/v2\/pages\/206"}],"wp:attachment":[{"href":"https:\/\/www.littlehotel.fr\/es\/wp-json\/wp\/v2\/media?parent=198"}],"curies":[{"name":"wp","href":"https:\/\/api.w.org\/{rel}","templated":true}]}}