{"id":234,"date":"2023-01-17T10:15:40","date_gmt":"2023-01-17T09:15:40","guid":{"rendered":"https:\/\/littlehotel-rec.ms.decms.eu\/mentions-legales\/"},"modified":"2024-04-18T10:48:31","modified_gmt":"2024-04-18T08:48:31","slug":"mentions-legales","status":"publish","type":"page","link":"https:\/\/www.littlehotel.fr\/es\/mentions-legales\/","title":{"rendered":"Menciones legales"},"content":{"rendered":"<p>Editor<\/p>\n<p>El sitio web accesible, en particular, en la direcci\u00f3n www.littlehotel.fr (en adelante: el \u201cSitio\u201d) es publicado por la sociedad SARL LITTLE HOTEL, sociedad constituida de derecho franc\u00e9s, marca: HOTEL LITTLE, inscrita en el Registro Mercantil y Sociedades de Par\u00eds con el n\u00famero 57215082900016 con un capital de 40.000,00 euros y cuya sede social est\u00e1 situada en 3 Rue Pierre Chausson 75010 PARIS; n\u00famero de tel\u00e9fono +33 (0)1 42 08 21 57 (en adelante, \u201cPEQUE\u00d1O HOTEL\u201d).<\/p>\n<p>El acceso al Sitio as\u00ed como el uso de su contenido se realiza en el marco de los avisos de uso que se describen a continuaci\u00f3n. El acceso y la navegaci\u00f3n en el sitio implican la aceptaci\u00f3n sin reservas por parte del internauta de los siguientes datos: El sitio est\u00e1 alojado en la empresa OVH, 2 rue Kellerman, 59100 Roubaix. Sitio web oficial: www.ovh.com.<\/p>\n<p>Propiedad intelectual<\/p>\n<p>El Sitio en su conjunto, as\u00ed como cada uno de los elementos que lo componen (en particular, textos, diagramas, estructuras de \u00e1rbol, software, animaciones, im\u00e1genes, fotograf\u00edas, ilustraciones, v\u00eddeos, representaciones gr\u00e1ficas o editoriales, logotipos, etc.) constituyen obras del esp\u00edritu protegidas por el C\u00f3digo de Propiedad Intelectual as\u00ed como por cualquier otra legislaci\u00f3n internacional aplicable.<\/p>\n<p>LITTLE HOTEL est\u00e1 \u00fanicamente autorizado (directamente o mediante licencias o autorizaciones) a utilizar los elementos que integran el Sitio, nombres de dominio, marcas, modelos, etc. as\u00ed como las im\u00e1genes y contenidos editoriales all\u00ed reproducidos.<\/p>\n<p>Est\u00e1 prohibido el uso total o parcial del Sitio, en particular mediante la descarga, reproducci\u00f3n, transmisi\u00f3n, representaci\u00f3n o distribuci\u00f3n con fines distintos de la consulta y el uso del Sitio a t\u00edtulo personal y privado por parte del internauta con fines no comerciales. La violaci\u00f3n de estas disposiciones expone a su autor a las sanciones previstas tanto por el C\u00f3digo de Propiedad Intelectual, en particular para la falsificaci\u00f3n de derechos de autor y de marcas, como por el C\u00f3digo Civil en materia de responsabilidad civil.<\/p>\n<p>Queda prohibida la creaci\u00f3n de cualquier enlace hipertexto hacia cualquiera de las p\u00e1ginas web o elementos que integran el Sitio sin la autorizaci\u00f3n previa y por escrito de LITTLE HOTEL, cuya autorizaci\u00f3n podr\u00e1 ser revocada en cualquier momento. Cualquier contenido, sitio web u otro que tenga un enlace de hipertexto que dirija al Sitio o a cualquiera de los elementos que lo componen no est\u00e1 bajo el control de LITTLE HOTEL y, por lo tanto, \u00e9ste declina toda responsabilidad (en particular, editorial) relativa al acceso a estos sitios y su contenido.                                                                                                 Disponibilidad del sitio<\/p>\n<p>LITTLE HOTEL se esfuerza, en la medida de lo posible, por mantener el Sitio permanentemente accesible, pero no tiene la obligaci\u00f3n de hacerlo. Por lo tanto, LITTLE HOTEL podr\u00e1 interrumpir el acceso al Sitio, en particular por razones de mantenimiento o actualizaci\u00f3n, o por cualquier otro motivo, en particular t\u00e9cnico o editorial, sin previo aviso o informaci\u00f3n a los usuarios de Internet, sin que LITTLE HOTEL pueda ser considerado responsable de la consecuencias de dichas interrupciones tanto para los usuarios de Internet como para cualquier tercero.<\/p>\n<p>Adem\u00e1s, LITTLE HOTEL no se hace responsable si los usuarios de Internet no pueden acceder a todo o parte del Sitio debido a cualquier defecto t\u00e9cnico o cualquier problema, en particular y no limitado a:<\/p>\n<p>un fallo y\/o congesti\u00f3n de la red de Internet,<br \/>\nuna falla de los proveedores de acceso a Internet,<br \/>\nerror humano o el\u00e9ctrico,<br \/>\ncualquier intervenci\u00f3n maliciosa,<br \/>\ncualquier mal funcionamiento del software o hardware,<br \/>\nun caso de fuerza mayor.<\/p>\n<p>Responsabilidad<\/p>\n<p>LITTLE HOTEL se esfuerza por garantizar, en la medida de sus posibilidades, la exactitud y actualizaci\u00f3n de la informaci\u00f3n publicada en el Sitio, cuyo contenido se reserva el derecho de modificar en cualquier momento y sin previo aviso.<\/p>\n<p>Sin embargo, LITTLE HOTEL no puede garantizar la exactitud, precisi\u00f3n e integridad de la informaci\u00f3n disponible en el Sitio, informaci\u00f3n que no constituye una garant\u00eda ni un compromiso por parte de LITTLE HOTEL hacia el usuario de Internet. En particular, este \u00faltimo no se hace responsable de:<\/p>\n<p>cualquier imprecisi\u00f3n, inexactitud u omisi\u00f3n de dicha informaci\u00f3n;<br \/>\ncualquier posible da\u00f1o resultante de una intrusi\u00f3n inform\u00e1tica por parte de un tercero que provoque una modificaci\u00f3n de dicha informaci\u00f3n;<br \/>\ny, m\u00e1s generalmente, cualquier da\u00f1o, directo o indirecto, cualesquiera que sean las causas, or\u00edgenes, naturaleza y consecuencias, vinculado al acceso (o la imposibilidad de acceder al Sitio), al contenido, al uso del Sitio y\/o al cr\u00e9dito. dada a cualquier informaci\u00f3n proveniente de \u00e9l.<\/p>\n<p>pol\u00edtica de confidencialidad<\/p>\n<p>Informaci\u00f3n general :<\/p>\n<p>Cuando visita nuestro sitio web, se recopilan diferentes tipos de informaci\u00f3n, incluida la direcci\u00f3n IP desde la que accede al sitio, la versi\u00f3n y tipo de navegador utilizado para acceder al sitio, el sistema operativo utilizado, los dominios y el momento de la solicitud. Esta informaci\u00f3n no nos permite identificar la identidad del usuario y este no es nuestro objetivo. Utilizamos la informaci\u00f3n recopilada \u00fanicamente con fines estad\u00edsticos, que nos permiten principalmente mejorar el contenido y la presentaci\u00f3n de nuestro sitio web. Tenga en cuenta que podemos recopilar datos adicionales, como nombre, direcci\u00f3n postal y de correo electr\u00f3nico, n\u00famero de tel\u00e9fono, que usted nos proporciona voluntariamente mientras navega por nuestro sitio. Tambi\u00e9n puede pagar y utilizar nuestros servicios utilizando un seud\u00f3nimo o datos anonimizados, sin proporcionarnos los datos personales anteriores.                          Condiciones generales de venta :<\/p>\n<p>Se recuerda al cliente, de conformidad con el art\u00edculo L. 121-21-8 12\u00b0 del C\u00f3digo del Consumo, que no tiene el derecho de desistimiento previsto en el art\u00edculo L. 121-21 del C\u00f3digo del Consumo. Las Condiciones de Venta de la tarifa reservada especifican los t\u00e9rminos de cancelaci\u00f3n y\/o modificaci\u00f3n de la reserva.<\/p>\n<p>Tiene derecho a solicitar al responsable del tratamiento el acceso a los datos personales, su rectificaci\u00f3n o supresi\u00f3n, o la limitaci\u00f3n del tratamiento del interesado, o el derecho a oponerse al tratamiento y el derecho a la portabilidad de los datos. El responsable del tratamiento de datos es el H\u00f4tel Taylor. Tambi\u00e9n tiene derecho a presentar una reclamaci\u00f3n ante una autoridad supervisora. Proporcionar su direcci\u00f3n de correo electr\u00f3nico es necesario para recibir las comunicaciones antes mencionadas y es totalmente opcional.                                                                                                                                 Galletas :<\/p>\n<p>Este sitio web utiliza cookies para recopilar datos utilizados con fines estad\u00edsticos. Las cookies son peque\u00f1os archivos almacenados en el disco duro de su computadora; Cuando navega por nuestro sitio, monitorean su actividad y as\u00ed nos proporcionan datos clave que nos permiten facilitar la navegaci\u00f3n. Si las cookies se almacenan en su computadora, no necesitar\u00e1 ingresar todos los datos necesarios para acceder a este sitio cada vez que lo visite. Estos datos nos permiten personalizar nuestro sitio web para que se ajuste a sus gustos y necesidades; Este enfoque es parte de todos los esfuerzos que hacemos para ofrecerle un acceso fluido a nuestras p\u00e1ginas y nuestros servicios. Si no desea que se almacenen cookies en su computadora, puede usar la configuraci\u00f3n de su navegador para bloquear las cookies de nuestro sitio. Para saber c\u00f3mo configurar su navegador con respecto a la gesti\u00f3n de cookies, vaya al centro de ayuda de su navegador. Puedes eliminar las cookies ya almacenadas en tu ordenador cuando lo desees. Tenga en cuenta que el bloqueo de cookies puede limitar el acceso a ciertas funciones de nuestro sitio y dar como resultado una experiencia menos optimizada.<\/p>\n<p>Comunicaci\u00f3n de datos a terceros:<\/p>\n<p>A menos que se indique lo contrario en esta declaraci\u00f3n, cualquier dato que comparta con nosotros, o que recopilemos de usted cuando navega por nuestro sitio, se mantendr\u00e1 en secreto y no se revelar\u00e1 a terceros, a menos que lo exija la ley o de otro modo. transmitirse para la ejecuci\u00f3n de la relaci\u00f3n contractual que usted ha suscrito. Las empresas de terceros y asociados, incluidas las empresas de pagos en l\u00ednea, solo tendr\u00e1n acceso a estos datos cuando sea necesario para procesar su pedido. En estos casos, nos aseguraremos de que el marco de transmisi\u00f3n de datos se mantenga al m\u00ednimo esencial acordado. Tambi\u00e9n imponemos una estricta pol\u00edtica de protecci\u00f3n de datos sobre cualquier dato personal que nos proporcione o que encontremos. Siguiendo esta directriz cumplimos con lo dispuesto en la legislaci\u00f3n en materia de protecci\u00f3n de datos. Tenga en cuenta que no somos responsables de los datos que proporcione a otros proveedores de servicios. Solo tomamos medidas para garantizar que cualquier dato sobre usted comunicado por otros proveedores de servicios se comunique en pleno cumplimiento de los requisitos de las leyes que rigen la protecci\u00f3n de datos y la privacidad, como se menciona en nuestra pol\u00edtica de privacidad.                                                                               Google analitico:<\/p>\n<p>Este sitio web utiliza Google Analytics, un servicio de an\u00e1lisis operado por Google que ayuda a los sitios a comprender c\u00f3mo personalizar sus p\u00e1ginas para mejorar la experiencia del usuario. Este servicio utiliza cookies para rastrear sus acciones, incluido el tiempo que pasa en nuestro sitio y las p\u00e1ginas que visita. Tenga en cuenta que ninguno de sus datos personales se recopila mediante el uso de nuestra cuenta de Google Analytics, por lo que no podemos identificar qui\u00e9n visita nuestro sitio. Para obtener m\u00e1s informaci\u00f3n sobre Google Analytics, visite la p\u00e1gina oficial.<\/p>\n<p>Remarketing de Google Adwords:<\/p>\n<p>Utilizamos Google AdWords Remarketing con fines publicitarios en Internet. El programa de remarketing de AdWords le permite mostrar anuncios relevantes seg\u00fan las p\u00e1ginas del sitio que visita. Esta informaci\u00f3n se recopila mediante una cookie colocada en su computadora. ESTA COOKIE NO IDENTIFICAR\u00c1 NING\u00daN DATO PERSONAL NI PERMITIR\u00c1 EL ACCESO A SU ORDENADOR. Gracias al programa de remarketing de Google AdWords, podemos personalizar nuestras acciones de marketing para satisfacer sus necesidades y mostrarle \u00fanicamente anuncios que puedan resultarle atractivos.<\/p>\n<p>Boletin informativo:<\/p>\n<p>S\u00f3lo recibir\u00e1 informaci\u00f3n publicitaria a trav\u00e9s de nuestro bolet\u00edn si nos autoriza a utilizar su direcci\u00f3n de correo electr\u00f3nico para este fin. Nuestro sitio nunca le enviar\u00e1 boletines informativos o correos electr\u00f3nicos de car\u00e1cter publicitario si no se ha suscrito a ellos. Al suscribirse a nuestro bolet\u00edn, puede elegir sus intereses para recibir correos electr\u00f3nicos relacionados. Utilizamos estas indicaciones as\u00ed como sus datos personales para enviarle informaci\u00f3n que sea de su inter\u00e9s. Si prefiere darse de baja de nuestro bolet\u00edn informativo o correos electr\u00f3nicos promocionales, puede hacer clic en el enlace para darse de baja en la parte inferior de nuestros correos electr\u00f3nicos.<\/p>\n<p>3 RUE PIERRE CHAUSSON 75010 PAR\u00cdS 10<br \/>\nSiret: 57215082900016<br \/>\nRCS: Par\u00eds B 572 150 829<br \/>\nCapital social 40.000,00 euros<br \/>\nIVA intracomunitario: FR57 572150829                                                      Propiedad: El sitio y la informaci\u00f3n que contiene est\u00e1n protegidos por la ley francesa sobre propiedad intelectual y por los convenios internacionales. Excepto para uso dentro del c\u00edrculo familiar o uso privado, el sitio y ning\u00fan elemento de su contenido puede ser reproducido, republicado, transcrito, modificado o retransmitido sin la autorizaci\u00f3n previa de los titulares de los derechos.                                                                                                                                                                                                                                      <\/p>\n","protected":false},"excerpt":{"rendered":"<p>Editor El sitio web accesible, en particular, en la direcci\u00f3n www.littlehotel.fr (en adelante: el \u201cSitio\u201d) es publicado por la sociedad SARL LITTLE HOTEL, sociedad constituida de derecho franc\u00e9s, marca: HOTEL LITTLE, inscrita en el Registro Mercantil y Sociedades de Par\u00eds con el n\u00famero 57215082900016 con un capital de 40.000,00 euros y cuya sede social est\u00e1 [&hellip;]<\/p>\n","protected":false},"author":531,"featured_media":0,"parent":0,"menu_order":0,"comment_status":"closed","ping_status":"closed","template":"","meta":{"footnotes":""},"class_list":["post-234","page","type-page","status-publish","hentry"],"yoast_head":"<!-- This site is optimized with the Yoast SEO plugin v26.9 - https:\/\/yoast.com\/product\/yoast-seo-wordpress\/ -->\n<title>Menciones legales - Little H\u00f4tel<\/title>\n<meta name=\"description\" content=\"Editor El sitio web accesible, en particular, en la direcci\u00f3n www.littlehotel.fr (en adelante: el \u201cSitio\u201d) es publicado por la sociedad SARL LITTLE HOTEL,\" \/>\n<meta name=\"robots\" content=\"index, follow, max-snippet:-1, max-image-preview:large, max-video-preview:-1\" \/>\n<link rel=\"canonical\" href=\"https:\/\/www.littlehotel.fr\/es\/mentions-legales\/\" \/>\n<meta property=\"og:locale\" content=\"es_ES\" \/>\n<meta property=\"og:type\" content=\"article\" \/>\n<meta property=\"og:title\" content=\"Menciones legales - Little H\u00f4tel\" \/>\n<meta property=\"og:description\" content=\"Editor El sitio web accesible, en particular, en la direcci\u00f3n www.littlehotel.fr (en adelante: el \u201cSitio\u201d) es publicado por la sociedad SARL LITTLE HOTEL,\" \/>\n<meta property=\"og:url\" content=\"https:\/\/www.littlehotel.fr\/es\/mentions-legales\/\" \/>\n<meta property=\"og:site_name\" content=\"Little H\u00f4tel\" \/>\n<meta property=\"article:modified_time\" content=\"2024-04-18T08:48:31+00:00\" \/>\n<meta name=\"twitter:card\" content=\"summary_large_image\" \/>\n<meta name=\"twitter:label1\" content=\"Tiempo de lectura\" \/>\n\t<meta name=\"twitter:data1\" content=\"8 minutos\" \/>\n<script type=\"application\/ld+json\" class=\"yoast-schema-graph\">{\"@context\":\"https:\/\/schema.org\",\"@graph\":[{\"@type\":\"WebPage\",\"@id\":\"https:\/\/www.littlehotel.fr\/es\/mentions-legales\/\",\"url\":\"https:\/\/www.littlehotel.fr\/es\/mentions-legales\/\",\"name\":\"Menciones legales - Little H\u00f4tel\",\"isPartOf\":{\"@id\":\"https:\/\/www.littlehotel.fr\/es\/#website\"},\"datePublished\":\"2023-01-17T09:15:40+00:00\",\"dateModified\":\"2024-04-18T08:48:31+00:00\",\"description\":\"Editor El sitio web accesible, en particular, en la direcci\u00f3n www.littlehotel.fr (en adelante: el \u201cSitio\u201d) es publicado por la sociedad SARL LITTLE HOTEL,\",\"breadcrumb\":{\"@id\":\"https:\/\/www.littlehotel.fr\/es\/mentions-legales\/#breadcrumb\"},\"inLanguage\":\"es\",\"potentialAction\":[{\"@type\":\"ReadAction\",\"target\":[\"https:\/\/www.littlehotel.fr\/es\/mentions-legales\/\"]}]},{\"@type\":\"BreadcrumbList\",\"@id\":\"https:\/\/www.littlehotel.fr\/es\/mentions-legales\/#breadcrumb\",\"itemListElement\":[{\"@type\":\"ListItem\",\"position\":1,\"name\":\"Accueil\",\"item\":\"https:\/\/www.littlehotel.fr\/es\/\"},{\"@type\":\"ListItem\",\"position\":2,\"name\":\"Menciones legales\"}]},{\"@type\":\"WebSite\",\"@id\":\"https:\/\/www.littlehotel.fr\/es\/#website\",\"url\":\"https:\/\/www.littlehotel.fr\/es\/\",\"name\":\"Little H\u00f4tel\",\"description\":\"\",\"potentialAction\":[{\"@type\":\"SearchAction\",\"target\":{\"@type\":\"EntryPoint\",\"urlTemplate\":\"https:\/\/www.littlehotel.fr\/es\/?s={search_term_string}\"},\"query-input\":{\"@type\":\"PropertyValueSpecification\",\"valueRequired\":true,\"valueName\":\"search_term_string\"}}],\"inLanguage\":\"es\"}]}<\/script>\n<!-- \/ Yoast SEO plugin. -->","yoast_head_json":{"title":"Menciones legales - Little H\u00f4tel","description":"Editor El sitio web accesible, en particular, en la direcci\u00f3n www.littlehotel.fr (en adelante: el \u201cSitio\u201d) es publicado por la sociedad SARL LITTLE HOTEL,","robots":{"index":"index","follow":"follow","max-snippet":"max-snippet:-1","max-image-preview":"max-image-preview:large","max-video-preview":"max-video-preview:-1"},"canonical":"https:\/\/www.littlehotel.fr\/es\/mentions-legales\/","og_locale":"es_ES","og_type":"article","og_title":"Menciones legales - Little H\u00f4tel","og_description":"Editor El sitio web accesible, en particular, en la direcci\u00f3n www.littlehotel.fr (en adelante: el \u201cSitio\u201d) es publicado por la sociedad SARL LITTLE HOTEL,","og_url":"https:\/\/www.littlehotel.fr\/es\/mentions-legales\/","og_site_name":"Little H\u00f4tel","article_modified_time":"2024-04-18T08:48:31+00:00","twitter_card":"summary_large_image","twitter_misc":{"Tiempo de lectura":"8 minutos"},"schema":{"@context":"https:\/\/schema.org","@graph":[{"@type":"WebPage","@id":"https:\/\/www.littlehotel.fr\/es\/mentions-legales\/","url":"https:\/\/www.littlehotel.fr\/es\/mentions-legales\/","name":"Menciones legales - Little H\u00f4tel","isPartOf":{"@id":"https:\/\/www.littlehotel.fr\/es\/#website"},"datePublished":"2023-01-17T09:15:40+00:00","dateModified":"2024-04-18T08:48:31+00:00","description":"Editor El sitio web accesible, en particular, en la direcci\u00f3n www.littlehotel.fr (en adelante: el \u201cSitio\u201d) es publicado por la sociedad SARL LITTLE HOTEL,","breadcrumb":{"@id":"https:\/\/www.littlehotel.fr\/es\/mentions-legales\/#breadcrumb"},"inLanguage":"es","potentialAction":[{"@type":"ReadAction","target":["https:\/\/www.littlehotel.fr\/es\/mentions-legales\/"]}]},{"@type":"BreadcrumbList","@id":"https:\/\/www.littlehotel.fr\/es\/mentions-legales\/#breadcrumb","itemListElement":[{"@type":"ListItem","position":1,"name":"Accueil","item":"https:\/\/www.littlehotel.fr\/es\/"},{"@type":"ListItem","position":2,"name":"Menciones legales"}]},{"@type":"WebSite","@id":"https:\/\/www.littlehotel.fr\/es\/#website","url":"https:\/\/www.littlehotel.fr\/es\/","name":"Little H\u00f4tel","description":"","potentialAction":[{"@type":"SearchAction","target":{"@type":"EntryPoint","urlTemplate":"https:\/\/www.littlehotel.fr\/es\/?s={search_term_string}"},"query-input":{"@type":"PropertyValueSpecification","valueRequired":true,"valueName":"search_term_string"}}],"inLanguage":"es"}]}},"acf":[],"_links":{"self":[{"href":"https:\/\/www.littlehotel.fr\/es\/wp-json\/wp\/v2\/pages\/234","targetHints":{"allow":["GET"]}}],"collection":[{"href":"https:\/\/www.littlehotel.fr\/es\/wp-json\/wp\/v2\/pages"}],"about":[{"href":"https:\/\/www.littlehotel.fr\/es\/wp-json\/wp\/v2\/types\/page"}],"author":[{"embeddable":true,"href":"https:\/\/www.littlehotel.fr\/es\/wp-json\/wp\/v2\/users\/531"}],"replies":[{"embeddable":true,"href":"https:\/\/www.littlehotel.fr\/es\/wp-json\/wp\/v2\/comments?post=234"}],"version-history":[{"count":0,"href":"https:\/\/www.littlehotel.fr\/es\/wp-json\/wp\/v2\/pages\/234\/revisions"}],"wp:attachment":[{"href":"https:\/\/www.littlehotel.fr\/es\/wp-json\/wp\/v2\/media?parent=234"}],"curies":[{"name":"wp","href":"https:\/\/api.w.org\/{rel}","templated":true}]}}